{"id":9153,"date":"2020-11-24T05:57:19","date_gmt":"2020-11-24T05:57:19","guid":{"rendered":"http:\/\/revistazo.com\/content\/?page_id=9153"},"modified":"2020-11-24T05:57:19","modified_gmt":"2020-11-24T05:57:19","slug":"quienes-somos","status":"publish","type":"page","link":"https:\/\/revistazo.com\/content\/quienes-somos\/","title":{"rendered":"\u00bfQui\u00e9nes somos?"},"content":{"rendered":"<p>[vc_row][vc_column][vc_custom_heading source=\u00bbpost_title\u00bb font_container=\u00bbtag:h1|font_size:44px|text_align:center\u00bb el_class=\u00bbdatos-reportaje-title\u00bb][\/vc_column][\/vc_row][vc_row][vc_column][vc_wp_text]<\/p>\n<div class=\"itemIntroText\">\n<p>Desde diciembre de 2001, Revistazo es un medio digital alternativo de comunicaci\u00f3n con una agenda propia dedicado a investigar temas que ayudan a forjar un pa\u00eds mejor y transparente en Honduras.<\/p>\n<div class=\"fb-recommendations-bar\" data-href=\"http:\/\/revistazo.com\/index.php\/quienes-somos\" data-read-time=\"30\" data-action=\"like\" data-trigger=\"onvisible\" data-side=\"right\" data-num_recommendations=\"5\"><span style=\"font-family: -apple-system, BlinkMacSystemFont, 'Segoe UI', Roboto, Oxygen-Sans, Ubuntu, Cantarell, 'Helvetica Neue', sans-serif;\">Su prop\u00f3sito fundamental es lograr cambios estructurales para permitir a los hondure\u00f1os vivir con mayor dignidad, especialmente los m\u00e1s vulnerables, pobres y marginados.<\/span><\/div>\n<\/div>\n<div class=\"itemFullText\">\n<p>La publicaci\u00f3n es pionera del periodismo independiente y est\u00e1 comprometida con la moral y el profesionalismo period\u00edstico.<\/p>\n<p>Revistazo es un espacio abierto a la participaci\u00f3n ciudadana y publica lo que otros medios censuran, callan o ignoran para manipular la informaci\u00f3n que llega a la ciudadan\u00eda, pese a ser vital para el desarrollo de la naci\u00f3n.<\/p>\n<p>Si alguien puede sustentar y documentar sus afirmaciones, se le da lugar aqu\u00ed para exponerlas.<\/p>\n<p>La revista combate la corrupci\u00f3n en todos los niveles y va m\u00e1s all\u00e1 de la simple y tradicional publicaci\u00f3n de las noticias porque es cr\u00edtica, pero propositiva, y busca ideas frescas para solucionar los graves problemas que agobia a la mayor\u00eda de los 8,3 millones de hondure\u00f1os.<\/p>\n<p>Por ello, en el 2008 Revistazo obtuvo el premio Mejor Portal Contra la Corrupci\u00f3n y a Favor del Medioambiente de la organizaci\u00f3n espa\u00f1ola Almediam.<\/p>\n<p>El equipo period\u00edstico de Revistazo se diferencia de otros por su compromiso con la verdad y ser partidario de trabajar por una sociedad m\u00e1s justa para todos.<\/p>\n<\/div>\n<p>[\/vc_wp_text][\/vc_column][\/vc_row]<\/p>\n","protected":false},"excerpt":{"rendered":"<p>[vc_row][vc_column][vc_custom_heading source=\u00bbpost_title\u00bb font_container=\u00bbtag:h1|font_size:44px|text_align:center\u00bb el_class=\u00bbdatos-reportaje-title\u00bb][\/vc_column][\/vc_row][vc_row][vc_column][vc_wp_text] Desde diciembre de 2001, Revistazo es un medio digital alternativo de comunicaci\u00f3n con una agenda propia dedicado a investigar temas que ayudan a forjar un pa\u00eds mejor y transparente en Honduras. Su prop\u00f3sito fundamental es lograr cambios estructurales para permitir a los hondure\u00f1os vivir con mayor dignidad, especialmente los m\u00e1s vulnerables, [&hellip;]<\/p>\n","protected":false},"author":1,"featured_media":0,"parent":0,"menu_order":0,"comment_status":"closed","ping_status":"closed","template":"template-builder.php","meta":{"_links_to":"","_links_to_target":""},"_links":{"self":[{"href":"https:\/\/revistazo.com\/content\/wp-json\/wp\/v2\/pages\/9153"}],"collection":[{"href":"https:\/\/revistazo.com\/content\/wp-json\/wp\/v2\/pages"}],"about":[{"href":"https:\/\/revistazo.com\/content\/wp-json\/wp\/v2\/types\/page"}],"author":[{"embeddable":true,"href":"https:\/\/revistazo.com\/content\/wp-json\/wp\/v2\/users\/1"}],"replies":[{"embeddable":true,"href":"https:\/\/revistazo.com\/content\/wp-json\/wp\/v2\/comments?post=9153"}],"version-history":[{"count":1,"href":"https:\/\/revistazo.com\/content\/wp-json\/wp\/v2\/pages\/9153\/revisions"}],"predecessor-version":[{"id":9159,"href":"https:\/\/revistazo.com\/content\/wp-json\/wp\/v2\/pages\/9153\/revisions\/9159"}],"wp:attachment":[{"href":"https:\/\/revistazo.com\/content\/wp-json\/wp\/v2\/media?parent=9153"}],"curies":[{"name":"wp","href":"https:\/\/api.w.org\/{rel}","templated":true}]}}