{"id":9281,"date":"2020-11-24T07:14:09","date_gmt":"2020-11-24T07:14:09","guid":{"rendered":"http:\/\/revistazo.com\/content\/?page_id=9281"},"modified":"2020-12-07T22:10:52","modified_gmt":"2020-12-07T22:10:52","slug":"perspectivas","status":"publish","type":"page","link":"https:\/\/revistazo.com\/content\/perspectivas\/","title":{"rendered":"Perspectivas"},"content":{"rendered":"<p>[vc_row][vc_column][vc_custom_heading source=\u00bbpost_title\u00bb font_container=\u00bbtag:h1|font_size:44px|text_align:center|color:%23000000&#8243; el_class=\u00bbdatos-reportaje-title\u00bb][\/vc_column][\/vc_row][vc_row][vc_column]<div  class=\"jeg_heroblock jeg_heroblock_1 jeg_col_2o3 jeg_hero_style_1 jnews_module__0_69e080e1c0992  investigaciones-grid\" data-margin=\"0\" >\n                <div class=\"jeg_heroblock_wrapper\" style='margin: 0px 0px -0px -0px;'>\n\t                <article class=\"jeg_post jeg_hero_item_1 format-standard\" style=\"padding: 0 0 0px 0px;\">\n                    <div class=\"jeg_block_container\">\n                        \n                        <span class=\"jeg_postformat_icon\"><\/span>\n                        <div class=\"jeg_thumb\">\n                            <a href=\"https:\/\/revistazo.com\/content\/sin-mujeres-no-hay-democracia-flavia-freindenberg\/\" ><div class=\"thumbnail-container thumbnail-background\" data-src=\"https:\/\/revistazo.com\/content\/wp-content\/uploads\/2020\/11\/flavia_h.jpg\" >\n                        <div class=\"lazyloaded\" data-src=\"https:\/\/revistazo.com\/content\/wp-content\/uploads\/2020\/11\/flavia_h.jpg\" style=\"background-image: url(https:\/\/revistazo.com\/content\/wp-content\/uploads\/2020\/11\/flavia_h.jpg)\"><\/div>\n                    <\/div><\/a>\n                        <\/div>\n                        <div class=\"jeg_postblock_content\">\n                            <div class=\"jeg_post_category\"><a href=\"https:\/\/revistazo.com\/content\/category\/perspectivas\/5por5\/\" class=\"category-5por5\">5por5<\/a><\/div>\n                            <div class=\"jeg_post_info\">\n                                <h2 class=\"jeg_post_title\">\n                                    <a href=\"https:\/\/revistazo.com\/content\/sin-mujeres-no-hay-democracia-flavia-freindenberg\/\" >\u201cSin mujeres no hay democracia\u201d: Flavia Freindenberg<\/a>\n                                <\/h2>\n                                <div class=\"jeg_post_meta\"><div class=\"jeg_meta_author\"><span class=\"by\">por<\/span> <a href=\"https:\/\/revistazo.com\/content\/author\/revistazopuntocom\/\">Revistazo<\/a><\/div><div class=\"jeg_meta_date\"><a href=\"https:\/\/revistazo.com\/content\/sin-mujeres-no-hay-democracia-flavia-freindenberg\/\"><i class=\"fa fa-clock-o\"><\/i> 28 de junio de 2018<\/a><\/div><\/div>\n                            <\/div>\n                        <\/div>\n                    <\/div>\n                <\/article>\n            <div class=\"jeg_heroblock_scroller\">\n                <article class=\"jeg_post jeg_hero_item_2 format-standard\" style=\"padding: 0 0 0px 0px;\">\n                    <div class=\"jeg_block_container\">\n                        \n                        <span class=\"jeg_postformat_icon\"><\/span>\n                        <div class=\"jeg_thumb\">\n                            <a href=\"https:\/\/revistazo.com\/content\/no-puede-haber-impunidad-cuando-todo-el-pais-vio-como-se-robaron-el-dinero\/\" ><div class=\"thumbnail-container thumbnail-background\" data-src=\"https:\/\/revistazo.com\/content\/wp-content\/uploads\/2020\/11\/JuanJimenezMayor_5x5_revistazo.jpg\" >\n                        <div class=\"lazyloaded\" data-src=\"https:\/\/revistazo.com\/content\/wp-content\/uploads\/2020\/11\/JuanJimenezMayor_5x5_revistazo.jpg\" style=\"background-image: url(https:\/\/revistazo.com\/content\/wp-content\/uploads\/2020\/11\/JuanJimenezMayor_5x5_revistazo.jpg)\"><\/div>\n                    <\/div><\/a>\n                        <\/div>\n                        <div class=\"jeg_postblock_content\">\n                            <div class=\"jeg_post_category\">\n                                <a href=\"https:\/\/revistazo.com\/content\/category\/perspectivas\/5por5\/\" class=\"category-5por5\">5por5<\/a>\n                            <\/div>\n                            <div class=\"jeg_post_info\">\n                                <h2 class=\"jeg_post_title\">\n                                    <a href=\"https:\/\/revistazo.com\/content\/no-puede-haber-impunidad-cuando-todo-el-pais-vio-como-se-robaron-el-dinero\/\">\u00abNo puede haber impunidad cuando todo el pa\u00eds vio c\u00f3mo se robaron el dinero\u00bb<\/a>\n                                <\/h2>\n                                <div class=\"jeg_post_meta\"><div class=\"jeg_meta_date\"><a href=\"https:\/\/revistazo.com\/content\/no-puede-haber-impunidad-cuando-todo-el-pais-vio-como-se-robaron-el-dinero\/\" ><i class=\"fa fa-clock-o\"><\/i> 27 de febrero de 2018<\/a><\/div><\/div>\n                            <\/div>\n                        <\/div>\n                    <\/div>\n                <\/article><article class=\"jeg_post jeg_hero_item_3 format-standard\" style=\"padding: 0 0 0px 0px;\">\n                    <div class=\"jeg_block_container\">\n                        \n                        <span class=\"jeg_postformat_icon\"><\/span>\n                        <div class=\"jeg_thumb\">\n                            <a href=\"https:\/\/revistazo.com\/content\/aunque-duela-en-honduras-seguimos-alabando-corruptos-con-los-nombres-de-escuelas\/\" ><div class=\"thumbnail-container thumbnail-background\" data-src=\"https:\/\/revistazo.com\/content\/wp-content\/uploads\/2020\/11\/jari_dixon_5x5_revistazo-350x250.jpg\" >\n                        <div class=\"lazyloaded\" data-src=\"https:\/\/revistazo.com\/content\/wp-content\/uploads\/2020\/11\/jari_dixon_5x5_revistazo-350x250.jpg\" style=\"background-image: url(https:\/\/revistazo.com\/content\/wp-content\/uploads\/2020\/11\/jari_dixon_5x5_revistazo-350x250.jpg)\"><\/div>\n                    <\/div><\/a>\n                        <\/div>\n                        <div class=\"jeg_postblock_content\">\n                            <div class=\"jeg_post_category\">\n                                <a href=\"https:\/\/revistazo.com\/content\/category\/perspectivas\/5por5\/\" class=\"category-5por5\">5por5<\/a>\n                            <\/div>\n                            <div class=\"jeg_post_info\">\n                                <h2 class=\"jeg_post_title\">\n                                    <a href=\"https:\/\/revistazo.com\/content\/aunque-duela-en-honduras-seguimos-alabando-corruptos-con-los-nombres-de-escuelas\/\">Aunque duela, en Honduras seguimos alabando corruptos con los nombres de escuelas<\/a>\n                                <\/h2>\n                                <div class=\"jeg_post_meta\"><div class=\"jeg_meta_date\"><a href=\"https:\/\/revistazo.com\/content\/aunque-duela-en-honduras-seguimos-alabando-corruptos-con-los-nombres-de-escuelas\/\" ><i class=\"fa fa-clock-o\"><\/i> 18 de julio de 2017<\/a><\/div><\/div>\n                            <\/div>\n                        <\/div>\n                    <\/div>\n                <\/article><article class=\"jeg_post jeg_hero_item_4 format-standard\" style=\"padding: 0 0 0px 0px;\">\n                    <div class=\"jeg_block_container\">\n                        \n                        <span class=\"jeg_postformat_icon\"><\/span>\n                        <div class=\"jeg_thumb\">\n                            <a href=\"https:\/\/revistazo.com\/content\/jefe-de-la-cicig-la-lucha-contra-la-corrupcion-no-se-gana-en-una-batalla-sino-en-muchas\/\" ><div class=\"thumbnail-container thumbnail-background\" data-src=\"https:\/\/revistazo.com\/content\/wp-content\/uploads\/2020\/11\/ivan_velasquez_5_5_revistazo-350x250.jpg\" >\n                        <div class=\"lazyloaded\" data-src=\"https:\/\/revistazo.com\/content\/wp-content\/uploads\/2020\/11\/ivan_velasquez_5_5_revistazo-350x250.jpg\" style=\"background-image: url(https:\/\/revistazo.com\/content\/wp-content\/uploads\/2020\/11\/ivan_velasquez_5_5_revistazo-350x250.jpg)\"><\/div>\n                    <\/div><\/a>\n                        <\/div>\n                        <div class=\"jeg_postblock_content\">\n                            <div class=\"jeg_post_category\">\n                                <a href=\"https:\/\/revistazo.com\/content\/category\/perspectivas\/5por5\/\" class=\"category-5por5\">5por5<\/a>\n                            <\/div>\n                            <div class=\"jeg_post_info\">\n                                <h2 class=\"jeg_post_title\">\n                                    <a href=\"https:\/\/revistazo.com\/content\/jefe-de-la-cicig-la-lucha-contra-la-corrupcion-no-se-gana-en-una-batalla-sino-en-muchas\/\">Jefe de la CICIG: la lucha contra la corrupci\u00f3n no se gana en una batalla, sino en muchas<\/a>\n                                <\/h2>\n                                <div class=\"jeg_post_meta\"><div class=\"jeg_meta_date\"><a href=\"https:\/\/revistazo.com\/content\/jefe-de-la-cicig-la-lucha-contra-la-corrupcion-no-se-gana-en-una-batalla-sino-en-muchas\/\" ><i class=\"fa fa-clock-o\"><\/i> 22 de junio de 2017<\/a><\/div><\/div>\n                            <\/div>\n                        <\/div>\n                    <\/div>\n                <\/article>\n            <\/div>\n\t            <\/div>\n            <\/div>\n            [\/vc_column][\/vc_row][vc_row][vc_column]<div  class=\"jeg_postblock_5 jeg_postblock jeg_module_hook jeg_pagination_loadmore jeg_col_2o3 jnews_module__1_69e080e1c9a65   \" data-unique=\"jnews_module__1_69e080e1c9a65\">\n                \n                <div class=\"jeg_block_container\">\n                \n                <div class=\"jeg_posts jeg_load_more_flag\">\n                <article class=\"notcias jeg_post jeg_pl_lg_2 format-standard\">\n                <div class=\"jeg_thumb\">\n                    \n                    <a href=\"https:\/\/revistazo.com\/content\/hacia-donde-nos-lleva-la-oposicion-lo-que-nos-dice-la-ciencia-politica\/\"><div class=\"thumbnail-container animate-lazy  size-715 \"><img width=\"300\" height=\"250\" src=\"https:\/\/revistazo.com\/content\/wp-content\/themes\/jnews\/assets\/img\/jeg-empty.png\" class=\"attachment-jnews-350x250 size-jnews-350x250 lazyload wp-post-image\" alt=\"\u00bfGobierno Abierto o Gobierno Cerrado?\" loading=\"lazy\" data-src=\"https:\/\/revistazo.com\/content\/wp-content\/uploads\/2015\/08\/Lester-300x250.jpg\" data-srcset=\"\" data-sizes=\"auto\" data-expand=\"700\" \/><\/div><\/a>\n                    <div class=\"jeg_post_category\">\n                        <span><a href=\"https:\/\/revistazo.com\/content\/category\/perspectivas\/enfoque\/\" class=\"category-enfoque\">Enfoque<\/a><\/span>\n                    <\/div>\n                <\/div>\n                <div class=\"jeg_postblock_content\">\n                    <h3 class=\"jeg_post_title\">\n                        <a href=\"https:\/\/revistazo.com\/content\/hacia-donde-nos-lleva-la-oposicion-lo-que-nos-dice-la-ciencia-politica\/\">\u00bfHacia d\u00f3nde nos lleva la oposici\u00f3n? Lo que nos dice la Ciencia Pol\u00edtica<\/a>\n                    <\/h3>\n                    <div class=\"jeg_post_meta\"><div class=\"jeg_meta_date\"><a href=\"https:\/\/revistazo.com\/content\/hacia-donde-nos-lleva-la-oposicion-lo-que-nos-dice-la-ciencia-politica\/\">30 de agosto de 2020<\/a><\/div><\/div>\n                    <div class=\"jeg_post_excerpt\">\n                        <p>&nbsp; En las democracias hiper-presidencialistas de Am\u00e9rica Latina, se suele estudiar muy poco a la oposici\u00f3n pol\u00edtica porque a diferencia...<\/p>\n                        <a href=\"https:\/\/revistazo.com\/content\/hacia-donde-nos-lleva-la-oposicion-lo-que-nos-dice-la-ciencia-politica\/\" class=\"jeg_readmore\">Leer m\u00e1s<\/a>\n                    <\/div>\n                <\/div>\n            <\/article><article class=\"notcias jeg_post jeg_pl_lg_2 format-standard\">\n                <div class=\"jeg_thumb\">\n                    \n                    <a href=\"https:\/\/revistazo.com\/content\/carta-publica-a-los-buenos-empleados-del-tribunal-superior-de-cuentas\/\"><div class=\"thumbnail-container animate-lazy  size-715 \"><img width=\"300\" height=\"250\" src=\"https:\/\/revistazo.com\/content\/wp-content\/themes\/jnews\/assets\/img\/jeg-empty.png\" class=\"attachment-jnews-350x250 size-jnews-350x250 lazyload wp-post-image\" alt=\"\u00bfGobierno Abierto o Gobierno Cerrado?\" loading=\"lazy\" data-src=\"https:\/\/revistazo.com\/content\/wp-content\/uploads\/2015\/08\/Lester-300x250.jpg\" data-srcset=\"\" data-sizes=\"auto\" data-expand=\"700\" \/><\/div><\/a>\n                    <div class=\"jeg_post_category\">\n                        <span><a href=\"https:\/\/revistazo.com\/content\/category\/perspectivas\/enfoque\/\" class=\"category-enfoque\">Enfoque<\/a><\/span>\n                    <\/div>\n                <\/div>\n                <div class=\"jeg_postblock_content\">\n                    <h3 class=\"jeg_post_title\">\n                        <a href=\"https:\/\/revistazo.com\/content\/carta-publica-a-los-buenos-empleados-del-tribunal-superior-de-cuentas\/\">Carta p\u00fablica a los buenos empleados del Tribunal Superior de Cuentas<\/a>\n                    <\/h3>\n                    <div class=\"jeg_post_meta\"><div class=\"jeg_meta_date\"><a href=\"https:\/\/revistazo.com\/content\/carta-publica-a-los-buenos-empleados-del-tribunal-superior-de-cuentas\/\">3 de agosto de 2020<\/a><\/div><\/div>\n                    <div class=\"jeg_post_excerpt\">\n                        <p>&nbsp; Les escribe un hondure\u00f1o indignado por la jugada p\u00fablica que hizo su magistrado presidente, Jos\u00e9 Juan Pineda, esta semana,...<\/p>\n                        <a href=\"https:\/\/revistazo.com\/content\/carta-publica-a-los-buenos-empleados-del-tribunal-superior-de-cuentas\/\" class=\"jeg_readmore\">Leer m\u00e1s<\/a>\n                    <\/div>\n                <\/div>\n            <\/article><article class=\"notcias jeg_post jeg_pl_lg_2 format-standard\">\n                <div class=\"jeg_thumb\">\n                    \n                    <a href=\"https:\/\/revistazo.com\/content\/se-puede-reparar-las-quebradas-compras-y-contrataciones-de-emergencia-en-honduras\/\"><div class=\"thumbnail-container animate-lazy  size-715 \"><img width=\"300\" height=\"250\" src=\"https:\/\/revistazo.com\/content\/wp-content\/themes\/jnews\/assets\/img\/jeg-empty.png\" class=\"attachment-jnews-350x250 size-jnews-350x250 lazyload wp-post-image\" alt=\"\u00bfGobierno Abierto o Gobierno Cerrado?\" loading=\"lazy\" data-src=\"https:\/\/revistazo.com\/content\/wp-content\/uploads\/2015\/08\/Lester-300x250.jpg\" data-srcset=\"\" data-sizes=\"auto\" data-expand=\"700\" \/><\/div><\/a>\n                    <div class=\"jeg_post_category\">\n                        <span><a href=\"https:\/\/revistazo.com\/content\/category\/perspectivas\/enfoque\/\" class=\"category-enfoque\">Enfoque<\/a><\/span>\n                    <\/div>\n                <\/div>\n                <div class=\"jeg_postblock_content\">\n                    <h3 class=\"jeg_post_title\">\n                        <a href=\"https:\/\/revistazo.com\/content\/se-puede-reparar-las-quebradas-compras-y-contrataciones-de-emergencia-en-honduras\/\">\u00bfSe puede reparar las quebradas compras y contrataciones de emergencia en Honduras?<\/a>\n                    <\/h3>\n                    <div class=\"jeg_post_meta\"><div class=\"jeg_meta_date\"><a href=\"https:\/\/revistazo.com\/content\/se-puede-reparar-las-quebradas-compras-y-contrataciones-de-emergencia-en-honduras\/\">12 de julio de 2020<\/a><\/div><\/div>\n                    <div class=\"jeg_post_excerpt\">\n                        <p>&nbsp; Cuando suceden esc\u00e1ndalos de corrupci\u00f3n en las compras p\u00fablicas, todos los ojos se vuelcan en los perpetuadores, sus maquinaciones...<\/p>\n                        <a href=\"https:\/\/revistazo.com\/content\/se-puede-reparar-las-quebradas-compras-y-contrataciones-de-emergencia-en-honduras\/\" class=\"jeg_readmore\">Leer m\u00e1s<\/a>\n                    <\/div>\n                <\/div>\n            <\/article><article class=\"notcias jeg_post jeg_pl_lg_2 format-standard\">\n                <div class=\"jeg_thumb\">\n                    \n                    <a href=\"https:\/\/revistazo.com\/content\/repensando-el-enfoque-anti-corrupcion-de-los-estados-unidos-de-america-en-honduras\/\"><div class=\"thumbnail-container animate-lazy  size-715 \"><img width=\"300\" height=\"250\" src=\"https:\/\/revistazo.com\/content\/wp-content\/themes\/jnews\/assets\/img\/jeg-empty.png\" class=\"attachment-jnews-350x250 size-jnews-350x250 lazyload wp-post-image\" alt=\"\u00bfGobierno Abierto o Gobierno Cerrado?\" loading=\"lazy\" data-src=\"https:\/\/revistazo.com\/content\/wp-content\/uploads\/2015\/08\/Lester-300x250.jpg\" data-srcset=\"\" data-sizes=\"auto\" data-expand=\"700\" \/><\/div><\/a>\n                    <div class=\"jeg_post_category\">\n                        <span><a href=\"https:\/\/revistazo.com\/content\/category\/perspectivas\/enfoque\/\" class=\"category-enfoque\">Enfoque<\/a><\/span>\n                    <\/div>\n                <\/div>\n                <div class=\"jeg_postblock_content\">\n                    <h3 class=\"jeg_post_title\">\n                        <a href=\"https:\/\/revistazo.com\/content\/repensando-el-enfoque-anti-corrupcion-de-los-estados-unidos-de-america-en-honduras\/\">Repensando el enfoque anti-corrupci\u00f3n de los Estados Unidos de Am\u00e9rica en Honduras<\/a>\n                    <\/h3>\n                    <div class=\"jeg_post_meta\"><div class=\"jeg_meta_date\"><a href=\"https:\/\/revistazo.com\/content\/repensando-el-enfoque-anti-corrupcion-de-los-estados-unidos-de-america-en-honduras\/\">4 de julio de 2020<\/a><\/div><\/div>\n                    <div class=\"jeg_post_excerpt\">\n                        <p>&nbsp; Cada 4 de julio tenemos sentimientos encontrados por la deuda hist\u00f3rica que tiene los Estados Unidos de Am\u00e9rica (EUA)...<\/p>\n                        <a href=\"https:\/\/revistazo.com\/content\/repensando-el-enfoque-anti-corrupcion-de-los-estados-unidos-de-america-en-honduras\/\" class=\"jeg_readmore\">Leer m\u00e1s<\/a>\n                    <\/div>\n                <\/div>\n            <\/article>\n            <\/div>\n                <div class='module-overlay'>\n                <div class='preloader_type preloader_dot'>\n                    <div class=\"module-preloader jeg_preloader dot\">\n                        <span><\/span><span><\/span><span><\/span>\n                    <\/div>\n                    <div class=\"module-preloader jeg_preloader circle\">\n                        <div class=\"jnews_preloader_circle_outer\">\n                            <div class=\"jnews_preloader_circle_inner\"><\/div>\n                        <\/div>\n                    <\/div>\n                    <div class=\"module-preloader jeg_preloader square\">\n                        <div class=\"jeg_square\"><div class=\"jeg_square_inner\"><\/div><\/div>\n                    <\/div>\n                <\/div>\n            <\/div>\n            <\/div>\n            <div class=\"jeg_block_navigation\">\n                <div class='navigation_overlay'><div class='module-preloader jeg_preloader'><span><\/span><span><\/span><span><\/span><\/div><\/div>\n                <div class=\"jeg_block_loadmore \">\n                    <a href=\"#\" class='' data-load='Ver m\u00e1s' data-loading='Cargando...'> Ver m\u00e1s<\/a>\n                <\/div>\n                \n            <\/div>\n                \n                <script>var jnews_module__1_69e080e1c9a65 = {\"header_icon\":\"\",\"first_title\":\"\",\"second_title\":\"\",\"url\":\"\",\"header_type\":\"heading_6\",\"header_background\":\"\",\"header_secondary_background\":\"\",\"header_text_color\":\"\",\"header_line_color\":\"\",\"header_accent_color\":\"\",\"header_filter_category\":\"\",\"header_filter_author\":\"\",\"header_filter_tag\":\"\",\"header_filter_text\":\"All\",\"post_type\":\"post\",\"content_type\":\"all\",\"number_post\":\"4\",\"post_offset\":\"0\",\"unique_content\":\"disable\",\"include_post\":\"\",\"exclude_post\":\"\",\"include_category\":\"128\",\"exclude_category\":\"\",\"include_author\":\"\",\"include_tag\":\"\",\"exclude_tag\":\"\",\"sort_by\":\"latest\",\"date_format\":\"default\",\"date_format_custom\":\"Y\\\/m\\\/d\",\"excerpt_length\":\"20\",\"excerpt_ellipsis\":\"...\",\"force_normal_image_load\":\"\",\"pagination_mode\":\"loadmore\",\"pagination_nextprev_showtext\":\"\",\"pagination_number_post\":\"4\",\"pagination_scroll_limit\":0,\"ads_type\":\"disable\",\"ads_position\":1,\"ads_random\":\"\",\"ads_image\":\"\",\"ads_image_tablet\":\"\",\"ads_image_phone\":\"\",\"ads_image_link\":\"\",\"ads_image_alt\":\"\",\"ads_image_new_tab\":\"\",\"google_publisher_id\":\"\",\"google_slot_id\":\"\",\"google_desktop\":\"auto\",\"google_tab\":\"auto\",\"google_phone\":\"auto\",\"content\":\"\",\"ads_bottom_text\":\"\",\"boxed\":\"\",\"boxed_shadow\":\"\",\"el_id\":\"\",\"el_class\":\"\",\"scheme\":\"\",\"column_width\":\"auto\",\"title_color\":\"\",\"accent_color\":\"\",\"alt_color\":\"\",\"excerpt_color\":\"\",\"css\":\"\",\"compatible_column_notice\":\"\",\"paged\":1,\"column_class\":\"jeg_col_2o3\",\"class\":\"jnews_block_5\"};<\/script>\n            <\/div>[\/vc_column][\/vc_row]<\/p>\n","protected":false},"excerpt":{"rendered":"<p>[vc_row][vc_column][vc_custom_heading source=\u00bbpost_title\u00bb font_container=\u00bbtag:h1|font_size:44px|text_align:center|color:%23000000&#8243; el_class=\u00bbdatos-reportaje-title\u00bb][\/vc_column][\/vc_row][vc_row][vc_column][\/vc_column][\/vc_row][vc_row][vc_column][\/vc_column][\/vc_row]<\/p>\n","protected":false},"author":1,"featured_media":0,"parent":0,"menu_order":0,"comment_status":"closed","ping_status":"closed","template":"template-builder.php","meta":{"_links_to":"","_links_to_target":""},"_links":{"self":[{"href":"https:\/\/revistazo.com\/content\/wp-json\/wp\/v2\/pages\/9281"}],"collection":[{"href":"https:\/\/revistazo.com\/content\/wp-json\/wp\/v2\/pages"}],"about":[{"href":"https:\/\/revistazo.com\/content\/wp-json\/wp\/v2\/types\/page"}],"author":[{"embeddable":true,"href":"https:\/\/revistazo.com\/content\/wp-json\/wp\/v2\/users\/1"}],"replies":[{"embeddable":true,"href":"https:\/\/revistazo.com\/content\/wp-json\/wp\/v2\/comments?post=9281"}],"version-history":[{"count":5,"href":"https:\/\/revistazo.com\/content\/wp-json\/wp\/v2\/pages\/9281\/revisions"}],"predecessor-version":[{"id":9746,"href":"https:\/\/revistazo.com\/content\/wp-json\/wp\/v2\/pages\/9281\/revisions\/9746"}],"wp:attachment":[{"href":"https:\/\/revistazo.com\/content\/wp-json\/wp\/v2\/media?parent=9281"}],"curies":[{"name":"wp","href":"https:\/\/api.w.org\/{rel}","templated":true}]}}