{"id":9288,"date":"2020-11-24T07:24:31","date_gmt":"2020-11-24T07:24:31","guid":{"rendered":"http:\/\/revistazo.com\/content\/?page_id=9288"},"modified":"2020-12-07T22:09:43","modified_gmt":"2020-12-07T22:09:43","slug":"reportajes","status":"publish","type":"page","link":"https:\/\/revistazo.com\/content\/reportajes\/","title":{"rendered":"Reportajes"},"content":{"rendered":"<p>[vc_row][vc_column][vc_custom_heading source=\u00bbpost_title\u00bb font_container=\u00bbtag:h1|font_size:44px|text_align:center|color:%23000000&#8243; el_class=\u00bbdatos-reportaje-title\u00bb][\/vc_column][\/vc_row][vc_row][vc_column]<div  class=\"jeg_heroblock jeg_heroblock_1 jeg_col_2o3 jeg_hero_style_1 jnews_module__0_69dfe4212ca2f  investigaciones-grid\" data-margin=\"0\" >\n                <div class=\"jeg_heroblock_wrapper\" style='margin: 0px 0px -0px -0px;'>\n\t                <article class=\"jeg_post jeg_hero_item_1 format-standard\" style=\"padding: 0 0 0px 0px;\">\n                    <div class=\"jeg_block_container\">\n                        \n                        <span class=\"jeg_postformat_icon\"><\/span>\n                        <div class=\"jeg_thumb\">\n                            <a href=\"https:\/\/revistazo.com\/content\/en-el-marco-del-dia-internacional-contra-la-corrupcion-los-capitulos-de-transparencia-internacional-de-guatemala-honduras-y-el-salvador-se-unen-para-presentar-el-informe-compras-de-emergencia-covid\/\" ><div class=\"thumbnail-container thumbnail-background\" data-src=\"https:\/\/revistazo.com\/content\/wp-content\/uploads\/2020\/12\/89be03aca8f1275a2e53b04561e41fc0_XL-750x443.jpg\" >\n                        <div class=\"lazyloaded\" data-src=\"https:\/\/revistazo.com\/content\/wp-content\/uploads\/2020\/12\/89be03aca8f1275a2e53b04561e41fc0_XL-750x443.jpg\" style=\"background-image: url(https:\/\/revistazo.com\/content\/wp-content\/uploads\/2020\/12\/89be03aca8f1275a2e53b04561e41fc0_XL-750x443.jpg)\"><\/div>\n                    <\/div><\/a>\n                        <\/div>\n                        <div class=\"jeg_postblock_content\">\n                            <div class=\"jeg_post_category\"><a href=\"https:\/\/revistazo.com\/content\/category\/reportajes\/nacionales-3\/\" class=\"category-nacionales-3\">Nacionales<\/a><\/div>\n                            <div class=\"jeg_post_info\">\n                                <h2 class=\"jeg_post_title\">\n                                    <a href=\"https:\/\/revistazo.com\/content\/en-el-marco-del-dia-internacional-contra-la-corrupcion-los-capitulos-de-transparencia-internacional-de-guatemala-honduras-y-el-salvador-se-unen-para-presentar-el-informe-compras-de-emergencia-covid\/\" >En el marco del D\u00eda Internacional contra la Corrupci\u00f3n los cap\u00edtulos de Transparencia Internacional de Guatemala, Honduras y El Salvador se unen para presentar el informe \u00abCompras de emergencia Covid-19\u00bb<\/a>\n                                <\/h2>\n                                <div class=\"jeg_post_meta\"><div class=\"jeg_meta_author\"><span class=\"by\">por<\/span> <a href=\"https:\/\/revistazo.com\/content\/author\/revistazopuntocom\/\">Revistazo<\/a><\/div><div class=\"jeg_meta_date\"><a href=\"https:\/\/revistazo.com\/content\/en-el-marco-del-dia-internacional-contra-la-corrupcion-los-capitulos-de-transparencia-internacional-de-guatemala-honduras-y-el-salvador-se-unen-para-presentar-el-informe-compras-de-emergencia-covid\/\"><i class=\"fa fa-clock-o\"><\/i> 9 de diciembre de 2020<\/a><\/div><\/div>\n                            <\/div>\n                        <\/div>\n                    <\/div>\n                <\/article>\n            <div class=\"jeg_heroblock_scroller\">\n                <article class=\"jeg_post jeg_hero_item_2 format-standard\" style=\"padding: 0 0 0px 0px;\">\n                    <div class=\"jeg_block_container\">\n                        \n                        <span class=\"jeg_postformat_icon\"><\/span>\n                        <div class=\"jeg_thumb\">\n                            <a href=\"https:\/\/revistazo.com\/content\/abandonados-deja-gobierno-a-afectados-por-eta-en-la-zona-norte\/\" ><div class=\"thumbnail-container thumbnail-background\" data-src=\"https:\/\/revistazo.com\/content\/wp-content\/uploads\/2020\/12\/abandonados-eta-750x500.jpg\" >\n                        <div class=\"lazyloaded\" data-src=\"https:\/\/revistazo.com\/content\/wp-content\/uploads\/2020\/12\/abandonados-eta-750x500.jpg\" style=\"background-image: url(https:\/\/revistazo.com\/content\/wp-content\/uploads\/2020\/12\/abandonados-eta-750x500.jpg)\"><\/div>\n                    <\/div><\/a>\n                        <\/div>\n                        <div class=\"jeg_postblock_content\">\n                            <div class=\"jeg_post_category\">\n                                <a href=\"https:\/\/revistazo.com\/content\/category\/reportajes\/nacionales-3\/\" class=\"category-nacionales-3\">Nacionales<\/a>\n                            <\/div>\n                            <div class=\"jeg_post_info\">\n                                <h2 class=\"jeg_post_title\">\n                                    <a href=\"https:\/\/revistazo.com\/content\/abandonados-deja-gobierno-a-afectados-por-eta-en-la-zona-norte\/\">Abandonados deja Gobierno a afectados por Eta en la zona norte<\/a>\n                                <\/h2>\n                                <div class=\"jeg_post_meta\"><div class=\"jeg_meta_date\"><a href=\"https:\/\/revistazo.com\/content\/abandonados-deja-gobierno-a-afectados-por-eta-en-la-zona-norte\/\" ><i class=\"fa fa-clock-o\"><\/i> 18 de noviembre de 2020<\/a><\/div><\/div>\n                            <\/div>\n                        <\/div>\n                    <\/div>\n                <\/article><article class=\"jeg_post jeg_hero_item_3 format-standard\" style=\"padding: 0 0 0px 0px;\">\n                    <div class=\"jeg_block_container\">\n                        \n                        <span class=\"jeg_postformat_icon\"><\/span>\n                        <div class=\"jeg_thumb\">\n                            <a href=\"https:\/\/revistazo.com\/content\/mr-hispanopreneur-el-hombre-detras-del-covid-desastre-de-47-millones-de-dolares-en-honduras\/\" ><div class=\"thumbnail-container thumbnail-background\" data-src=\"https:\/\/revistazo.com\/content\/wp-content\/uploads\/2020\/11\/doctoras_hospitales_moviles-350x250.jpg\" >\n                        <div class=\"lazyloaded\" data-src=\"https:\/\/revistazo.com\/content\/wp-content\/uploads\/2020\/11\/doctoras_hospitales_moviles-350x250.jpg\" style=\"background-image: url(https:\/\/revistazo.com\/content\/wp-content\/uploads\/2020\/11\/doctoras_hospitales_moviles-350x250.jpg)\"><\/div>\n                    <\/div><\/a>\n                        <\/div>\n                        <div class=\"jeg_postblock_content\">\n                            <div class=\"jeg_post_category\">\n                                <a href=\"https:\/\/revistazo.com\/content\/category\/investigaciones\/covid-19\/\" class=\"category-covid-19\">Covid-19<\/a>\n                            <\/div>\n                            <div class=\"jeg_post_info\">\n                                <h2 class=\"jeg_post_title\">\n                                    <a href=\"https:\/\/revistazo.com\/content\/mr-hispanopreneur-el-hombre-detras-del-covid-desastre-de-47-millones-de-dolares-en-honduras\/\">Mr. HispanoPreneur\u2122: el hombre detr\u00e1s del COVID-desastre de $47 millones de d\u00f3lares en Honduras<\/a>\n                                <\/h2>\n                                <div class=\"jeg_post_meta\"><div class=\"jeg_meta_date\"><a href=\"https:\/\/revistazo.com\/content\/mr-hispanopreneur-el-hombre-detras-del-covid-desastre-de-47-millones-de-dolares-en-honduras\/\" ><i class=\"fa fa-clock-o\"><\/i> 18 de octubre de 2020<\/a><\/div><\/div>\n                            <\/div>\n                        <\/div>\n                    <\/div>\n                <\/article><article class=\"jeg_post jeg_hero_item_4 format-standard\" style=\"padding: 0 0 0px 0px;\">\n                    <div class=\"jeg_block_container\">\n                        \n                        <span class=\"jeg_postformat_icon\"><\/span>\n                        <div class=\"jeg_thumb\">\n                            <a href=\"https:\/\/revistazo.com\/content\/sin-acceso-a-informacion-publica-no-hay-combate-a-la-corrupcion\/\" ><div class=\"thumbnail-container thumbnail-background\" data-src=\"https:\/\/revistazo.com\/content\/wp-content\/uploads\/2020\/11\/panatalla_rostros-350x250.jpg\" >\n                        <div class=\"lazyloaded\" data-src=\"https:\/\/revistazo.com\/content\/wp-content\/uploads\/2020\/11\/panatalla_rostros-350x250.jpg\" style=\"background-image: url(https:\/\/revistazo.com\/content\/wp-content\/uploads\/2020\/11\/panatalla_rostros-350x250.jpg)\"><\/div>\n                    <\/div><\/a>\n                        <\/div>\n                        <div class=\"jeg_postblock_content\">\n                            <div class=\"jeg_post_category\">\n                                <a href=\"https:\/\/revistazo.com\/content\/category\/reportajes\/nacionales-3\/\" class=\"category-nacionales-3\">Nacionales<\/a>\n                            <\/div>\n                            <div class=\"jeg_post_info\">\n                                <h2 class=\"jeg_post_title\">\n                                    <a href=\"https:\/\/revistazo.com\/content\/sin-acceso-a-informacion-publica-no-hay-combate-a-la-corrupcion\/\">Sin acceso a informaci\u00f3n p\u00fablica no hay combate a la corrupci\u00f3n<\/a>\n                                <\/h2>\n                                <div class=\"jeg_post_meta\"><div class=\"jeg_meta_date\"><a href=\"https:\/\/revistazo.com\/content\/sin-acceso-a-informacion-publica-no-hay-combate-a-la-corrupcion\/\" ><i class=\"fa fa-clock-o\"><\/i> 15 de octubre de 2020<\/a><\/div><\/div>\n                            <\/div>\n                        <\/div>\n                    <\/div>\n                <\/article>\n            <\/div>\n\t            <\/div>\n            <\/div>\n            [\/vc_column][\/vc_row][vc_row][vc_column]<div  class=\"jeg_postblock_5 jeg_postblock jeg_module_hook jeg_pagination_loadmore jeg_col_2o3 jnews_module__1_69dfe42134bb3   \" data-unique=\"jnews_module__1_69dfe42134bb3\">\n                \n                <div class=\"jeg_block_container\">\n                \n                <div class=\"jeg_posts jeg_load_more_flag\">\n                <article class=\"notcias jeg_post jeg_pl_lg_2 format-standard\">\n                <div class=\"jeg_thumb\">\n                    \n                    <a href=\"https:\/\/revistazo.com\/content\/en-el-marco-del-dia-internacional-contra-la-corrupcion-los-capitulos-de-transparencia-internacional-de-guatemala-honduras-y-el-salvador-se-unen-para-presentar-el-informe-compras-de-emergencia-covid\/\"><div class=\"thumbnail-container animate-lazy  size-715 \"><img width=\"350\" height=\"250\" src=\"https:\/\/revistazo.com\/content\/wp-content\/themes\/jnews\/assets\/img\/jeg-empty.png\" class=\"attachment-jnews-350x250 size-jnews-350x250 lazyload wp-post-image\" alt=\"En el marco del D\u00eda Internacional contra la Corrupci\u00f3n los cap\u00edtulos de Transparencia Internacional de Guatemala, Honduras y El Salvador se unen para presentar el informe \u00abCompras de emergencia Covid-19\u00bb\" loading=\"lazy\" sizes=\"(max-width: 350px) 100vw, 350px\" data-src=\"https:\/\/revistazo.com\/content\/wp-content\/uploads\/2020\/12\/89be03aca8f1275a2e53b04561e41fc0_XL-350x250.jpg\" data-srcset=\"https:\/\/revistazo.com\/content\/wp-content\/uploads\/2020\/12\/89be03aca8f1275a2e53b04561e41fc0_XL-350x250.jpg 350w, https:\/\/revistazo.com\/content\/wp-content\/uploads\/2020\/12\/89be03aca8f1275a2e53b04561e41fc0_XL-120x86.jpg 120w\" data-sizes=\"auto\" data-expand=\"700\" \/><\/div><\/a>\n                    <div class=\"jeg_post_category\">\n                        <span><a href=\"https:\/\/revistazo.com\/content\/category\/reportajes\/nacionales-3\/\" class=\"category-nacionales-3\">Nacionales<\/a><\/span>\n                    <\/div>\n                <\/div>\n                <div class=\"jeg_postblock_content\">\n                    <h3 class=\"jeg_post_title\">\n                        <a href=\"https:\/\/revistazo.com\/content\/en-el-marco-del-dia-internacional-contra-la-corrupcion-los-capitulos-de-transparencia-internacional-de-guatemala-honduras-y-el-salvador-se-unen-para-presentar-el-informe-compras-de-emergencia-covid\/\">En el marco del D\u00eda Internacional contra la Corrupci\u00f3n los cap\u00edtulos de Transparencia Internacional de Guatemala, Honduras y El Salvador se unen para presentar el informe \u00abCompras de emergencia Covid-19\u00bb<\/a>\n                    <\/h3>\n                    <div class=\"jeg_post_meta\"><div class=\"jeg_meta_date\"><a href=\"https:\/\/revistazo.com\/content\/en-el-marco-del-dia-internacional-contra-la-corrupcion-los-capitulos-de-transparencia-internacional-de-guatemala-honduras-y-el-salvador-se-unen-para-presentar-el-informe-compras-de-emergencia-covid\/\">9 de diciembre de 2020<\/a><\/div><\/div>\n                    <div class=\"jeg_post_excerpt\">\n                        <p>En el marco del D\u00eda Internacional contra la Corrupci\u00f3n los cap\u00edtulos de Transparencia Internacional de Guatemala, Honduras y El Salvador...<\/p>\n                        <a href=\"https:\/\/revistazo.com\/content\/en-el-marco-del-dia-internacional-contra-la-corrupcion-los-capitulos-de-transparencia-internacional-de-guatemala-honduras-y-el-salvador-se-unen-para-presentar-el-informe-compras-de-emergencia-covid\/\" class=\"jeg_readmore\">Leer m\u00e1s<\/a>\n                    <\/div>\n                <\/div>\n            <\/article><article class=\"notcias jeg_post jeg_pl_lg_2 format-standard\">\n                <div class=\"jeg_thumb\">\n                    \n                    <a href=\"https:\/\/revistazo.com\/content\/abandonados-deja-gobierno-a-afectados-por-eta-en-la-zona-norte\/\"><div class=\"thumbnail-container animate-lazy  size-715 \"><img width=\"350\" height=\"250\" src=\"https:\/\/revistazo.com\/content\/wp-content\/themes\/jnews\/assets\/img\/jeg-empty.png\" class=\"attachment-jnews-350x250 size-jnews-350x250 lazyload wp-post-image\" alt=\"\" loading=\"lazy\" sizes=\"(max-width: 350px) 100vw, 350px\" data-src=\"https:\/\/revistazo.com\/content\/wp-content\/uploads\/2020\/12\/abandonados-eta-350x250.jpg\" data-srcset=\"https:\/\/revistazo.com\/content\/wp-content\/uploads\/2020\/12\/abandonados-eta-350x250.jpg 350w, https:\/\/revistazo.com\/content\/wp-content\/uploads\/2020\/12\/abandonados-eta-120x86.jpg 120w, https:\/\/revistazo.com\/content\/wp-content\/uploads\/2020\/12\/abandonados-eta-750x536.jpg 750w\" data-sizes=\"auto\" data-expand=\"700\" \/><\/div><\/a>\n                    <div class=\"jeg_post_category\">\n                        <span><a href=\"https:\/\/revistazo.com\/content\/category\/reportajes\/nacionales-3\/\" class=\"category-nacionales-3\">Nacionales<\/a><\/span>\n                    <\/div>\n                <\/div>\n                <div class=\"jeg_postblock_content\">\n                    <h3 class=\"jeg_post_title\">\n                        <a href=\"https:\/\/revistazo.com\/content\/abandonados-deja-gobierno-a-afectados-por-eta-en-la-zona-norte\/\">Abandonados deja Gobierno a afectados por Eta en la zona norte<\/a>\n                    <\/h3>\n                    <div class=\"jeg_post_meta\"><div class=\"jeg_meta_date\"><a href=\"https:\/\/revistazo.com\/content\/abandonados-deja-gobierno-a-afectados-por-eta-en-la-zona-norte\/\">18 de noviembre de 2020<\/a><\/div><\/div>\n                    <div class=\"jeg_post_excerpt\">\n                        <p>Miles de personas que fueron damnificadas por el paso del hurac\u00e1n ETA en Choloma, La Lima y San Pedro Sula,...<\/p>\n                        <a href=\"https:\/\/revistazo.com\/content\/abandonados-deja-gobierno-a-afectados-por-eta-en-la-zona-norte\/\" class=\"jeg_readmore\">Leer m\u00e1s<\/a>\n                    <\/div>\n                <\/div>\n            <\/article><article class=\"notcias jeg_post jeg_pl_lg_2 format-standard\">\n                <div class=\"jeg_thumb\">\n                    \n                    <a href=\"https:\/\/revistazo.com\/content\/mr-hispanopreneur-el-hombre-detras-del-covid-desastre-de-47-millones-de-dolares-en-honduras\/\"><div class=\"thumbnail-container animate-lazy  size-715 \"><img width=\"350\" height=\"250\" src=\"https:\/\/revistazo.com\/content\/wp-content\/themes\/jnews\/assets\/img\/jeg-empty.png\" class=\"attachment-jnews-350x250 size-jnews-350x250 lazyload wp-post-image\" alt=\"\" loading=\"lazy\" sizes=\"(max-width: 350px) 100vw, 350px\" data-src=\"https:\/\/revistazo.com\/content\/wp-content\/uploads\/2020\/11\/doctoras_hospitales_moviles-350x250.jpg\" data-srcset=\"https:\/\/revistazo.com\/content\/wp-content\/uploads\/2020\/11\/doctoras_hospitales_moviles-350x250.jpg 350w, https:\/\/revistazo.com\/content\/wp-content\/uploads\/2020\/11\/doctoras_hospitales_moviles-120x86.jpg 120w\" data-sizes=\"auto\" data-expand=\"700\" \/><\/div><\/a>\n                    <div class=\"jeg_post_category\">\n                        <span><a href=\"https:\/\/revistazo.com\/content\/category\/investigaciones\/covid-19\/\" class=\"category-covid-19\">Covid-19<\/a><\/span>\n                    <\/div>\n                <\/div>\n                <div class=\"jeg_postblock_content\">\n                    <h3 class=\"jeg_post_title\">\n                        <a href=\"https:\/\/revistazo.com\/content\/mr-hispanopreneur-el-hombre-detras-del-covid-desastre-de-47-millones-de-dolares-en-honduras\/\">Mr. HispanoPreneur\u2122: el hombre detr\u00e1s del COVID-desastre de $47 millones de d\u00f3lares en Honduras<\/a>\n                    <\/h3>\n                    <div class=\"jeg_post_meta\"><div class=\"jeg_meta_date\"><a href=\"https:\/\/revistazo.com\/content\/mr-hispanopreneur-el-hombre-detras-del-covid-desastre-de-47-millones-de-dolares-en-honduras\/\">18 de octubre de 2020<\/a><\/div><\/div>\n                    <div class=\"jeg_post_excerpt\">\n                        <p>\u00a0Cr\u00e9dito:\u00a0OCCRP (Organized Crime and Corruption Reporting Project)\u00a0y el medio hondure\u00f1o\u00a0El Pulso Fue a principios de julio cuando David Vel\u00e1squez, entonces...<\/p>\n                        <a href=\"https:\/\/revistazo.com\/content\/mr-hispanopreneur-el-hombre-detras-del-covid-desastre-de-47-millones-de-dolares-en-honduras\/\" class=\"jeg_readmore\">Leer m\u00e1s<\/a>\n                    <\/div>\n                <\/div>\n            <\/article><article class=\"notcias jeg_post jeg_pl_lg_2 format-standard\">\n                <div class=\"jeg_thumb\">\n                    \n                    <a href=\"https:\/\/revistazo.com\/content\/sin-acceso-a-informacion-publica-no-hay-combate-a-la-corrupcion\/\"><div class=\"thumbnail-container animate-lazy  size-715 \"><img width=\"350\" height=\"250\" src=\"https:\/\/revistazo.com\/content\/wp-content\/themes\/jnews\/assets\/img\/jeg-empty.png\" class=\"attachment-jnews-350x250 size-jnews-350x250 lazyload wp-post-image\" alt=\"\" loading=\"lazy\" sizes=\"(max-width: 350px) 100vw, 350px\" data-src=\"https:\/\/revistazo.com\/content\/wp-content\/uploads\/2020\/11\/panatalla_rostros-350x250.jpg\" data-srcset=\"https:\/\/revistazo.com\/content\/wp-content\/uploads\/2020\/11\/panatalla_rostros-350x250.jpg 350w, https:\/\/revistazo.com\/content\/wp-content\/uploads\/2020\/11\/panatalla_rostros-120x86.jpg 120w\" data-sizes=\"auto\" data-expand=\"700\" \/><\/div><\/a>\n                    <div class=\"jeg_post_category\">\n                        <span><a href=\"https:\/\/revistazo.com\/content\/category\/reportajes\/nacionales-3\/\" class=\"category-nacionales-3\">Nacionales<\/a><\/span>\n                    <\/div>\n                <\/div>\n                <div class=\"jeg_postblock_content\">\n                    <h3 class=\"jeg_post_title\">\n                        <a href=\"https:\/\/revistazo.com\/content\/sin-acceso-a-informacion-publica-no-hay-combate-a-la-corrupcion\/\">Sin acceso a informaci\u00f3n p\u00fablica no hay combate a la corrupci\u00f3n<\/a>\n                    <\/h3>\n                    <div class=\"jeg_post_meta\"><div class=\"jeg_meta_date\"><a href=\"https:\/\/revistazo.com\/content\/sin-acceso-a-informacion-publica-no-hay-combate-a-la-corrupcion\/\">15 de octubre de 2020<\/a><\/div><\/div>\n                    <div class=\"jeg_post_excerpt\">\n                        <p>El libre acceso a la informaci\u00f3n p\u00fablica, adem\u00e1s de ser un derecho, es una de las herramientas m\u00e1s&nbsp;efectivas&nbsp;para combatir la...<\/p>\n                        <a href=\"https:\/\/revistazo.com\/content\/sin-acceso-a-informacion-publica-no-hay-combate-a-la-corrupcion\/\" class=\"jeg_readmore\">Leer m\u00e1s<\/a>\n                    <\/div>\n                <\/div>\n            <\/article>\n            <\/div>\n                <div class='module-overlay'>\n                <div class='preloader_type preloader_dot'>\n                    <div class=\"module-preloader jeg_preloader dot\">\n                        <span><\/span><span><\/span><span><\/span>\n                    <\/div>\n                    <div class=\"module-preloader jeg_preloader circle\">\n                        <div class=\"jnews_preloader_circle_outer\">\n                            <div class=\"jnews_preloader_circle_inner\"><\/div>\n                        <\/div>\n                    <\/div>\n                    <div class=\"module-preloader jeg_preloader square\">\n                        <div class=\"jeg_square\"><div class=\"jeg_square_inner\"><\/div><\/div>\n                    <\/div>\n                <\/div>\n            <\/div>\n            <\/div>\n            <div class=\"jeg_block_navigation\">\n                <div class='navigation_overlay'><div class='module-preloader jeg_preloader'><span><\/span><span><\/span><span><\/span><\/div><\/div>\n                <div class=\"jeg_block_loadmore \">\n                    <a href=\"#\" class='' data-load='Ver m\u00e1s' data-loading='Cargando...'> Ver m\u00e1s<\/a>\n                <\/div>\n                \n            <\/div>\n                \n                <script>var jnews_module__1_69dfe42134bb3 = {\"header_icon\":\"\",\"first_title\":\"\",\"second_title\":\"\",\"url\":\"\",\"header_type\":\"heading_6\",\"header_background\":\"\",\"header_secondary_background\":\"\",\"header_text_color\":\"\",\"header_line_color\":\"\",\"header_accent_color\":\"\",\"header_filter_category\":\"\",\"header_filter_author\":\"\",\"header_filter_tag\":\"\",\"header_filter_text\":\"All\",\"post_type\":\"post\",\"content_type\":\"all\",\"number_post\":\"4\",\"post_offset\":\"0\",\"unique_content\":\"disable\",\"include_post\":\"\",\"exclude_post\":\"\",\"include_category\":\"84\",\"exclude_category\":\"\",\"include_author\":\"\",\"include_tag\":\"\",\"exclude_tag\":\"\",\"sort_by\":\"latest\",\"date_format\":\"default\",\"date_format_custom\":\"Y\\\/m\\\/d\",\"excerpt_length\":\"20\",\"excerpt_ellipsis\":\"...\",\"force_normal_image_load\":\"\",\"pagination_mode\":\"loadmore\",\"pagination_nextprev_showtext\":\"\",\"pagination_number_post\":\"4\",\"pagination_scroll_limit\":0,\"ads_type\":\"disable\",\"ads_position\":1,\"ads_random\":\"\",\"ads_image\":\"\",\"ads_image_tablet\":\"\",\"ads_image_phone\":\"\",\"ads_image_link\":\"\",\"ads_image_alt\":\"\",\"ads_image_new_tab\":\"\",\"google_publisher_id\":\"\",\"google_slot_id\":\"\",\"google_desktop\":\"auto\",\"google_tab\":\"auto\",\"google_phone\":\"auto\",\"content\":\"\",\"ads_bottom_text\":\"\",\"boxed\":\"\",\"boxed_shadow\":\"\",\"el_id\":\"\",\"el_class\":\"\",\"scheme\":\"\",\"column_width\":\"auto\",\"title_color\":\"\",\"accent_color\":\"\",\"alt_color\":\"\",\"excerpt_color\":\"\",\"css\":\"\",\"compatible_column_notice\":\"\",\"paged\":1,\"column_class\":\"jeg_col_2o3\",\"class\":\"jnews_block_5\"};<\/script>\n            <\/div>[\/vc_column][\/vc_row]<\/p>\n","protected":false},"excerpt":{"rendered":"<p>[vc_row][vc_column][vc_custom_heading source=\u00bbpost_title\u00bb font_container=\u00bbtag:h1|font_size:44px|text_align:center|color:%23000000&#8243; el_class=\u00bbdatos-reportaje-title\u00bb][\/vc_column][\/vc_row][vc_row][vc_column][\/vc_column][\/vc_row][vc_row][vc_column][\/vc_column][\/vc_row]<\/p>\n","protected":false},"author":1,"featured_media":0,"parent":0,"menu_order":0,"comment_status":"closed","ping_status":"closed","template":"template-builder.php","meta":{"_links_to":"","_links_to_target":""},"_links":{"self":[{"href":"https:\/\/revistazo.com\/content\/wp-json\/wp\/v2\/pages\/9288"}],"collection":[{"href":"https:\/\/revistazo.com\/content\/wp-json\/wp\/v2\/pages"}],"about":[{"href":"https:\/\/revistazo.com\/content\/wp-json\/wp\/v2\/types\/page"}],"author":[{"embeddable":true,"href":"https:\/\/revistazo.com\/content\/wp-json\/wp\/v2\/users\/1"}],"replies":[{"embeddable":true,"href":"https:\/\/revistazo.com\/content\/wp-json\/wp\/v2\/comments?post=9288"}],"version-history":[{"count":5,"href":"https:\/\/revistazo.com\/content\/wp-json\/wp\/v2\/pages\/9288\/revisions"}],"predecessor-version":[{"id":9305,"href":"https:\/\/revistazo.com\/content\/wp-json\/wp\/v2\/pages\/9288\/revisions\/9305"}],"wp:attachment":[{"href":"https:\/\/revistazo.com\/content\/wp-json\/wp\/v2\/media?parent=9288"}],"curies":[{"name":"wp","href":"https:\/\/api.w.org\/{rel}","templated":true}]}}