{"id":9290,"date":"2020-11-24T07:26:46","date_gmt":"2020-11-24T07:26:46","guid":{"rendered":"http:\/\/revistazo.com\/content\/?page_id=9290"},"modified":"2020-11-24T07:26:46","modified_gmt":"2020-11-24T07:26:46","slug":"investigaciones","status":"publish","type":"page","link":"https:\/\/revistazo.com\/content\/investigaciones\/","title":{"rendered":"Investigaciones"},"content":{"rendered":"<p>[vc_row][vc_column][vc_column_text]<div class=\"cards-container\"><div class=\"card\">\n                    <a href=\"http:\/\/www.revistazo.com\/eleccionestiosam\/index.html\">\n                    <!-- aqui va el link del especial -->\n                    <div class=\"flip-card-inner\">\n                        <div class=\"card-side card-side--front\">\n                        <img class=\"special-photo\" src=\"https:\/\/revistazo.com\/content\/wp-content\/uploads\/2020\/11\/header_tio_sam.jpg\" alt=\"\" \/>\n                        <\/div>\n                        <div class=\"card-side card-side--back\">\n                        <img class=\"special-photo\" src=\"https:\/\/revistazo.com\/content\/wp-content\/uploads\/2020\/11\/header_tio_sam.jpg\" alt=\"\" \/>\n                        <div class=\"card-side--overlay\"><\/div>\n                        <div class=\"special-description\">\n                            <p>\n                            <strong>Las elecciones presidenciales de noviembre en Estados Unidos de Am\u00e9rica (EUA) son de gran importancia para Honduras, los cambios en la direcci\u00f3n pol\u00edtica de ese pa\u00eds inciden directamente en programas de desarrollo econ\u00f3mico y social, pol\u00edticas migratorias y de fortalecimiento de la democracia, lucha contra el narcotr\u00e1fico, crimen organizado, reducci\u00f3n de la violencia e impunidad entre muchos.<\/strong>\n                            <\/p>\n                        <\/div>\n                        <\/div>\n                    <\/div>\n                    <\/a>\n                <\/div><div class=\"card\">\n                    <a href=\"http:\/\/revistazo.com\/content\/covid-19\/\">\n                    <!-- aqui va el link del especial -->\n                    <div class=\"flip-card-inner\">\n                        <div class=\"card-side card-side--front\">\n                        <img class=\"special-photo\" src=\"https:\/\/revistazo.com\/content\/wp-content\/uploads\/2020\/12\/banner_Covid_Revistazo.png\" alt=\"\" \/>\n                        <\/div>\n                        <div class=\"card-side card-side--back\">\n                        <img class=\"special-photo\" src=\"https:\/\/revistazo.com\/content\/wp-content\/uploads\/2020\/12\/banner_Covid_Revistazo.png\" alt=\"\" \/>\n                        <div class=\"card-side--overlay\"><\/div>\n                        <div class=\"special-description\">\n                            <p>\n                            <strong><\/strong>\n                            <\/p>\n                        <\/div>\n                        <\/div>\n                    <\/div>\n                    <\/a>\n                <\/div><div class=\"card\">\n                    <a href=\"http:\/\/empresasabiertas.com\/quemados.html\">\n                    <!-- aqui va el link del especial -->\n                    <div class=\"flip-card-inner\">\n                        <div class=\"card-side card-side--front\">\n                        <img class=\"special-photo\" src=\"https:\/\/revistazo.com\/content\/wp-content\/uploads\/2020\/11\/Screen-Shot-2020-11-26-at-01.47.42.png\" alt=\"\" \/>\n                        <\/div>\n                        <div class=\"card-side card-side--back\">\n                        <img class=\"special-photo\" src=\"https:\/\/revistazo.com\/content\/wp-content\/uploads\/2020\/11\/Screen-Shot-2020-11-26-at-01.47.42.png\" alt=\"\" \/>\n                        <div class=\"card-side--overlay\"><\/div>\n                        <div class=\"special-description\">\n                            <p>\n                            <strong>El Negociazo de la Energ\u00eda Solar<\/strong>\n                            <\/p>\n                        <\/div>\n                        <\/div>\n                    <\/div>\n                    <\/a>\n                <\/div><div class=\"card\">\n                    <a href=\"http:\/\/www.revistazo.com\/intervencionitis\/index.html\">\n                    <!-- aqui va el link del especial -->\n                    <div class=\"flip-card-inner\">\n                        <div class=\"card-side card-side--front\">\n                        <img class=\"special-photo\" src=\"https:\/\/revistazo.com\/content\/wp-content\/uploads\/2020\/11\/Screen-Shot-2020-11-26-at-13.29.02.png\" alt=\"\" \/>\n                        <\/div>\n                        <div class=\"card-side card-side--back\">\n                        <img class=\"special-photo\" src=\"https:\/\/revistazo.com\/content\/wp-content\/uploads\/2020\/11\/Screen-Shot-2020-11-26-at-13.29.02.png\" alt=\"\" \/>\n                        <div class=\"card-side--overlay\"><\/div>\n                        <div class=\"special-description\">\n                            <p>\n                            <strong>LA ENFERMEDAD QUE NADIE QUIERE CURAR<\/strong>\n                            <\/p>\n                        <\/div>\n                        <\/div>\n                    <\/div>\n                    <\/a>\n                <\/div><div class=\"card\">\n                    <a href=\"http:\/\/laguardiana.revistazo.com\">\n                    <!-- aqui va el link del especial -->\n                    <div class=\"flip-card-inner\">\n                        <div class=\"card-side card-side--front\">\n                        <img class=\"special-photo\" src=\"https:\/\/revistazo.com\/content\/wp-content\/uploads\/2020\/11\/Berta-Ca\u0301ceres.png\" alt=\"\" \/>\n                        <\/div>\n                        <div class=\"card-side card-side--back\">\n                        <img class=\"special-photo\" src=\"https:\/\/revistazo.com\/content\/wp-content\/uploads\/2020\/11\/Berta-Ca\u0301ceres.png\" alt=\"\" \/>\n                        <div class=\"card-side--overlay\"><\/div>\n                        <div class=\"special-description\">\n                            <p>\n                            <strong>Se busca promover y sensibilizar en diferentes sectores acerca del respeto y la aplicaci\u00f3n de las leyes que protegen los derechos humanos<\/strong>\n                            <\/p>\n                        <\/div>\n                        <\/div>\n                    <\/div>\n                    <\/a>\n                <\/div><div class=\"card\">\n                    <a href=\"http:\/\/revistazo.com\/ajedrez\/\">\n                    <!-- aqui va el link del especial -->\n                    <div class=\"flip-card-inner\">\n                        <div class=\"card-side card-side--front\">\n                        <img class=\"special-photo\" src=\"https:\/\/revistazo.com\/content\/wp-content\/uploads\/2020\/11\/Screen-Shot-2020-11-26-at-01.41.06.png\" alt=\"\" \/>\n                        <\/div>\n                        <div class=\"card-side card-side--back\">\n                        <img class=\"special-photo\" src=\"https:\/\/revistazo.com\/content\/wp-content\/uploads\/2020\/11\/Screen-Shot-2020-11-26-at-01.41.06.png\" alt=\"\" \/>\n                        <div class=\"card-side--overlay\"><\/div>\n                        <div class=\"special-description\">\n                            <p>\n                            <strong>En Honduras se intensifica cada vez m\u00e1s la lucha entre los que buscan arrasar con la corrupci\u00f3n y los que quieren blindarse. Conozca m\u00e1s sobre los golpes sin precedentes desatados por la MACCIH, el MP y la sociedad civil\u2014y sobre los contrataques del Congreso y otros.<\/strong>\n                            <\/p>\n                        <\/div>\n                        <\/div>\n                    <\/div>\n                    <\/a>\n                <\/div><\/div><div class=\"misha_loadmore cat_127 ele_23 inv_6\">Ver m\u00e1s<\/div>[\/vc_column_text][\/vc_column][\/vc_row]<\/p>\n","protected":false},"excerpt":{"rendered":"<p>[vc_row][vc_column][vc_column_text][\/vc_column_text][\/vc_column][\/vc_row]<\/p>\n","protected":false},"author":1,"featured_media":0,"parent":0,"menu_order":0,"comment_status":"closed","ping_status":"closed","template":"template-builder.php","meta":{"_links_to":"","_links_to_target":""},"_links":{"self":[{"href":"https:\/\/revistazo.com\/content\/wp-json\/wp\/v2\/pages\/9290"}],"collection":[{"href":"https:\/\/revistazo.com\/content\/wp-json\/wp\/v2\/pages"}],"about":[{"href":"https:\/\/revistazo.com\/content\/wp-json\/wp\/v2\/types\/page"}],"author":[{"embeddable":true,"href":"https:\/\/revistazo.com\/content\/wp-json\/wp\/v2\/users\/1"}],"replies":[{"embeddable":true,"href":"https:\/\/revistazo.com\/content\/wp-json\/wp\/v2\/comments?post=9290"}],"version-history":[{"count":1,"href":"https:\/\/revistazo.com\/content\/wp-json\/wp\/v2\/pages\/9290\/revisions"}],"predecessor-version":[{"id":9291,"href":"https:\/\/revistazo.com\/content\/wp-json\/wp\/v2\/pages\/9290\/revisions\/9291"}],"wp:attachment":[{"href":"https:\/\/revistazo.com\/content\/wp-json\/wp\/v2\/media?parent=9290"}],"curies":[{"name":"wp","href":"https:\/\/api.w.org\/{rel}","templated":true}]}}